{"id":6,"date":"2018-03-07T02:46:04","date_gmt":"2018-03-07T02:46:04","guid":{"rendered":"http:\/\/sw-themes.com\/porto_dummy\/real-estate\/?page_id=6"},"modified":"2021-06-07T12:47:00","modified_gmt":"2021-06-07T09:47:00","slug":"home","status":"publish","type":"page","link":"https:\/\/lailahomesbodrum.com\/en\/","title":{"rendered":"Home"},"content":{"rendered":"<p><\/p>\n<p>[vc_row][vc_column]\n\t\t\t<!-- START Real Estate Home 1 REVOLUTION SLIDER 6.4.2 --><p class=\"rs-p-wp-fix\"><\/p>\n\t\t\t<rs-module-wrap id=\"rev_slider_2_2_wrapper\" data-source=\"gallery\" style=\"background:transparent;padding:0;margin:0px auto;margin-top:0;margin-bottom:0;\">\n\t\t\t\t<rs-module id=\"rev_slider_2_2\" style=\"\" data-version=\"6.4.2\">\n\t\t\t\t\t<rs-slides>\n\t\t\t\t\t\t<rs-slide data-key=\"rs-6\" data-title=\"Slide\" data-thumb=\"\/\/lailahomesbodrum.com\/wp-content\/uploads\/2018\/03\/DJI_0092-scaled-100x50.jpg\" data-anim=\"ms:600;\" data-in=\"o:0;\" data-out=\"a:false;\">\n\t\t\t\t\t\t\t<img loading=\"lazy\" decoding=\"async\" src=\"\/\/lailahomesbodrum.com\/wp-content\/uploads\/2018\/03\/DJI_0092-scaled.jpg\" title=\"DJI_0092\" width=\"2560\" height=\"1438\" class=\"rev-slidebg\" data-no-retina>\n<!--\n\t\t\t\t\t\t\t--><rs-layer\n\t\t\t\t\t\t\t\tid=\"slider-2-slide-6-layer-1\" \n\t\t\t\t\t\t\t\tdata-type=\"text\"\n\t\t\t\t\t\t\t\tdata-color=\"#ffffff\"\n\t\t\t\t\t\t\t\tdata-rsp_ch=\"on\"\n\t\t\t\t\t\t\t\tdata-xy=\"x:15px;y:c;\"\n\t\t\t\t\t\t\t\tdata-text=\"s:14;l:22;a:inherit;\"\n\t\t\t\t\t\t\t\tdata-dim=\"w:360px;h:360px;\"\n\t\t\t\t\t\t\t\tdata-padding=\"t:30;r:30;b:30;l:30;\"\n\t\t\t\t\t\t\t\tdata-frame_0=\"sX:0.8;sY:0.8;\"\n\t\t\t\t\t\t\t\tdata-frame_1=\"e:power4.out;st:500;sp:1500;sR:500;\"\n\t\t\t\t\t\t\t\tdata-frame_999=\"x:left;st:w;sp:1200;sR:7000;\"\n\t\t\t\t\t\t\t\tstyle=\"z-index:5;background-color:#ffffff;font-family:Open Sans;overflow:hidden;\"\n\t\t\t\t\t\t\t><span class=\"featured-border\" style=\"border: 2px solid #dcdde0; width: 90%; position: absolute; height: 90%; top: 5%; left: 5%;\"><\/span>\n\t\t\t\t\t\t\t\t\t\t<span class=\"feature-tag\" data-width=\"50\" data-height=\"50\" style=\"background: #2bca6e; color: #FFF; text-transform: uppercase; padding: 15px 102px; position: absolute; right: -24%; top: 6%; -webkit-transform: rotate(45deg); -moz-transform: rotate(45deg); -ms-transform: rotate(45deg); -o-transform: rotate(45deg); transform: rotate(45deg);\">\n\t\t\t\t\t\t\t\t\t\t\tRENTAL\n\t\t\t\t\t\t\t\t\t\t<\/span> \n\t\t\t\t\t\t\t<\/rs-layer><!--\n\n\t\t\t\t\t\t\t--><a\n\t\t\t\t\t\t\t\tid=\"slider-2-slide-6-layer-2\" \n\t\t\t\t\t\t\t\tclass=\"rs-layer\"\n\t\t\t\t\t\t\t\thref=\"\" target=\"_self\"\n\t\t\t\t\t\t\t\tdata-type=\"text\"\n\t\t\t\t\t\t\t\tdata-color=\"#000000\"\n\t\t\t\t\t\t\t\tdata-rsp_ch=\"on\"\n\t\t\t\t\t\t\t\tdata-xy=\"x:35px;y:c;yo:-50px;\"\n\t\t\t\t\t\t\t\tdata-text=\"s:26;l:62;fw:800;a:center;\"\n\t\t\t\t\t\t\t\tdata-dim=\"w:320px;\"\n\t\t\t\t\t\t\t\tdata-frame_0=\"y:-50px;\"\n\t\t\t\t\t\t\t\tdata-frame_1=\"st:1500;sp:500;sR:1500;\"\n\t\t\t\t\t\t\t\tdata-frame_999=\"o:0;st:w;sp:500;sR:7000;\"\n\t\t\t\t\t\t\t\tstyle=\"z-index:6;font-family:Open Sans;text-transform:uppercase;width:27vw;max-width:320px;\"\n\t\t\t\t\t\t\t>\u00c7aml\u0131k Villa \n\t\t\t\t\t\t\t<\/a><!--\n\n\t\t\t\t\t\t\t--><rs-layer\n\t\t\t\t\t\t\t\tid=\"slider-2-slide-6-layer-3\" \n\t\t\t\t\t\t\t\tdata-type=\"text\"\n\t\t\t\t\t\t\t\tdata-color=\"#219cd2\"\n\t\t\t\t\t\t\t\tdata-rsp_ch=\"on\"\n\t\t\t\t\t\t\t\tdata-xy=\"x:40px;y:c;yo:31px;\"\n\t\t\t\t\t\t\t\tdata-text=\"w:normal;s:36;l:43;a:center;\"\n\t\t\t\t\t\t\t\tdata-dim=\"w:299px;h:99px;\"\n\t\t\t\t\t\t\t\tdata-frame_0=\"sX:0.8;sY:0.8;\"\n\t\t\t\t\t\t\t\tdata-frame_1=\"e:power4.out;st:1500;sp:1500;sR:1500;\"\n\t\t\t\t\t\t\t\tdata-frame_999=\"x:left;st:w;sp:1200;sR:6000;\"\n\t\t\t\t\t\t\t\tstyle=\"z-index:7;font-family:Open Sans;width:27vw;max-width:320px;\"\n\t\t\t\t\t\t\t>Starting from 2000 TL \n\t\t\t\t\t\t\t<\/rs-layer><!--\n\n\t\t\t\t\t\t\t--><span\n\t\t\t\t\t\t\t\tid=\"slider-2-slide-6-layer-4\" \n\t\t\t\t\t\t\t\tclass=\"rs-layer\"\n\t\t\t\t\t\t\t\tdata-type=\"text\"\n\t\t\t\t\t\t\t\tdata-color=\"#ffffff\"\n\t\t\t\t\t\t\t\tdata-rsp_ch=\"on\"\n\t\t\t\t\t\t\t\tdata-xy=\"x:121px;y:c;yo:106px;\"\n\t\t\t\t\t\t\t\tdata-text=\"s:14;l:21;a:inherit;\"\n\t\t\t\t\t\t\t\tdata-actions='o:click;a:simplelink;target:_self;url:\/portfoyumuz\/camlik\/;'\n\t\t\t\t\t\t\t\tdata-padding=\"t:12;r:35;b:12;l:35;\"\n\t\t\t\t\t\t\t\tdata-frame_0=\"y:50px;\"\n\t\t\t\t\t\t\t\tdata-frame_1=\"st:1500;sp:500;sR:1500;\"\n\t\t\t\t\t\t\t\tdata-frame_999=\"o:0;st:w;sp:500;sR:7000;\"\n\t\t\t\t\t\t\t\tstyle=\"z-index:8;background-color:#219cd2;font-family:Open Sans;text-transform:uppercase;cursor:pointer;\"\n\t\t\t\t\t\t\t>Details  \n\t\t\t\t\t\t\t<\/span><!--\n-->\t\t\t\t\t\t<\/rs-slide>\n\t\t\t\t\t\t<rs-slide data-key=\"rs-7\" data-title=\"Slide\" data-thumb=\"\/\/lailahomesbodrum.com\/wp-content\/uploads\/2021\/05\/DSCF9529-scaled-100x50.jpg\" data-anim=\"ms:600;\" data-in=\"o:0;\" data-out=\"a:false;\">\n\t\t\t\t\t\t\t<img loading=\"lazy\" decoding=\"async\" src=\"\/\/lailahomesbodrum.com\/wp-content\/uploads\/2021\/05\/DSCF9529-scaled.jpg\" title=\"DSCF9529\" width=\"2560\" height=\"1707\" class=\"rev-slidebg\" data-no-retina>\n<!--\n\t\t\t\t\t\t\t--><rs-layer\n\t\t\t\t\t\t\t\tid=\"slider-2-slide-7-layer-1\" \n\t\t\t\t\t\t\t\tdata-type=\"text\"\n\t\t\t\t\t\t\t\tdata-color=\"#ffffff\"\n\t\t\t\t\t\t\t\tdata-rsp_ch=\"on\"\n\t\t\t\t\t\t\t\tdata-xy=\"x:15px;y:c;\"\n\t\t\t\t\t\t\t\tdata-text=\"s:14;l:22;a:inherit;\"\n\t\t\t\t\t\t\t\tdata-dim=\"w:360px;h:360px;\"\n\t\t\t\t\t\t\t\tdata-padding=\"t:30;r:30;b:30;l:30;\"\n\t\t\t\t\t\t\t\tdata-frame_0=\"sX:0.8;sY:0.8;\"\n\t\t\t\t\t\t\t\tdata-frame_1=\"e:power4.out;st:500;sp:1500;sR:500;\"\n\t\t\t\t\t\t\t\tdata-frame_999=\"x:left;st:w;sp:1200;sR:7000;\"\n\t\t\t\t\t\t\t\tstyle=\"z-index:5;background-color:#ffffff;font-family:Open Sans;overflow:hidden;\"\n\t\t\t\t\t\t\t><span class=\"featured-border\" style=\"border: 2px solid #dcdde0; width: 90%; position: absolute; height: 90%; top: 5%; left: 5%;\"><\/span>\n\t\t\t\t\t\t\t\t\t\t<span class=\"feature-tag\" data-width=\"50\" data-height=\"50\" style=\"background: #2bca6e; color: #FFF; text-transform: uppercase; padding: 15px 102px; position: absolute; right: -24%; top: 6%; -webkit-transform: rotate(45deg); -moz-transform: rotate(45deg); -ms-transform: rotate(45deg); -o-transform: rotate(45deg); transform: rotate(45deg);\">\n\t\t\t\t\t\t\t\t\t\t\tRENTAL\n\t\t\t\t\t\t\t\t\t\t<\/span> \n\t\t\t\t\t\t\t<\/rs-layer><!--\n\n\t\t\t\t\t\t\t--><rs-layer\n\t\t\t\t\t\t\t\tid=\"slider-2-slide-7-layer-2\" \n\t\t\t\t\t\t\t\tdata-type=\"text\"\n\t\t\t\t\t\t\t\tdata-color=\"#000000\"\n\t\t\t\t\t\t\t\tdata-rsp_ch=\"on\"\n\t\t\t\t\t\t\t\tdata-xy=\"x:35px;y:c;yo:-50px;\"\n\t\t\t\t\t\t\t\tdata-text=\"s:26;l:62;fw:800;a:center;\"\n\t\t\t\t\t\t\t\tdata-dim=\"w:320px;\"\n\t\t\t\t\t\t\t\tdata-frame_0=\"y:-50px;\"\n\t\t\t\t\t\t\t\tdata-frame_1=\"st:1500;sp:500;sR:1500;\"\n\t\t\t\t\t\t\t\tdata-frame_999=\"o:0;st:w;sp:500;sR:7000;\"\n\t\t\t\t\t\t\t\tstyle=\"z-index:6;font-family:Open Sans;text-transform:uppercase;width:27vw;max-width:320px;\"\n\t\t\t\t\t\t\t>Torba Villa \n\t\t\t\t\t\t\t<\/rs-layer><!--\n\n\t\t\t\t\t\t\t--><rs-layer\n\t\t\t\t\t\t\t\tid=\"slider-2-slide-7-layer-3\" \n\t\t\t\t\t\t\t\tdata-type=\"text\"\n\t\t\t\t\t\t\t\tdata-color=\"#219cd2\"\n\t\t\t\t\t\t\t\tdata-rsp_ch=\"on\"\n\t\t\t\t\t\t\t\tdata-xy=\"x:34px;y:c;yo:14px;\"\n\t\t\t\t\t\t\t\tdata-text=\"w:normal;s:31;l:33;a:center;\"\n\t\t\t\t\t\t\t\tdata-dim=\"w:320px;h:44px;\"\n\t\t\t\t\t\t\t\tdata-frame_0=\"sX:0.8;sY:0.8;\"\n\t\t\t\t\t\t\t\tdata-frame_1=\"e:power4.out;st:1500;sp:1500;sR:1500;\"\n\t\t\t\t\t\t\t\tdata-frame_999=\"x:left;st:w;sp:1200;sR:6000;\"\n\t\t\t\t\t\t\t\tstyle=\"z-index:7;font-family:Open Sans;width:27vw;max-width:320px;\"\n\t\t\t\t\t\t\t>Starting from 1250TL  \n\t\t\t\t\t\t\t<\/rs-layer><!--\n\n\t\t\t\t\t\t\t--><span\n\t\t\t\t\t\t\t\tid=\"slider-2-slide-7-layer-4\" \n\t\t\t\t\t\t\t\tclass=\"rs-layer\"\n\t\t\t\t\t\t\t\tdata-type=\"text\"\n\t\t\t\t\t\t\t\tdata-color=\"#ffffff\"\n\t\t\t\t\t\t\t\tdata-rsp_ch=\"on\"\n\t\t\t\t\t\t\t\tdata-xy=\"x:113px;y:c;yo:97px;\"\n\t\t\t\t\t\t\t\tdata-text=\"s:14;l:21;a:inherit;\"\n\t\t\t\t\t\t\t\tdata-actions='o:click;a:simplelink;target:_self;url:\/portfoyumuz\/torba-villa\/;'\n\t\t\t\t\t\t\t\tdata-padding=\"t:12;r:35;b:12;l:35;\"\n\t\t\t\t\t\t\t\tdata-frame_0=\"y:50px;\"\n\t\t\t\t\t\t\t\tdata-frame_1=\"st:1500;sp:500;sR:1500;\"\n\t\t\t\t\t\t\t\tdata-frame_999=\"o:0;st:w;sp:500;sR:7000;\"\n\t\t\t\t\t\t\t\tstyle=\"z-index:8;background-color:#219cd2;font-family:Open Sans;text-transform:uppercase;cursor:pointer;\"\n\t\t\t\t\t\t\t>Details  \n\t\t\t\t\t\t\t<\/span><!--\n-->\t\t\t\t\t\t<\/rs-slide>\n\t\t\t\t\t<\/rs-slides>\n\t\t\t\t<\/rs-module>\n\t\t\t\t<script type=\"text\/javascript\">\n\t\t\t\t\tsetREVStartSize({c: 'rev_slider_2_2',rl:[1240,1024,778,480],el:[650],gw:[1170],gh:[650],type:'standard',justify:'',layout:'fullwidth',mh:\"0\"});\n\t\t\t\t\tvar\trevapi2,\n\t\t\t\t\t\ttpj;\n\t\t\t\t\tfunction revinit_revslider22() {\n\t\t\t\t\tjQuery(function() {\n\t\t\t\t\t\ttpj = jQuery;\n\t\t\t\t\t\trevapi2 = tpj(\"#rev_slider_2_2\");\n\t\t\t\t\t\tif(revapi2==undefined || revapi2.revolution == undefined){\n\t\t\t\t\t\t\trevslider_showDoubleJqueryError(\"rev_slider_2_2\");\n\t\t\t\t\t\t}else{\n\t\t\t\t\t\t\trevapi2.revolution({\n\t\t\t\t\t\t\t\tsliderLayout:\"fullwidth\",\n\t\t\t\t\t\t\t\tvisibilityLevels:\"1240,1024,778,480\",\n\t\t\t\t\t\t\t\tgridwidth:1170,\n\t\t\t\t\t\t\t\tgridheight:650,\n\t\t\t\t\t\t\t\tspinner:\"spinner0\",\n\t\t\t\t\t\t\t\tperspective:600,\n\t\t\t\t\t\t\t\tperspectiveType:\"local\",\n\t\t\t\t\t\t\t\teditorheight:\"650,768,960,720\",\n\t\t\t\t\t\t\t\tresponsiveLevels:\"1240,1024,778,480\",\n\t\t\t\t\t\t\t\tprogressBar:{disableProgressBar:true},\n\t\t\t\t\t\t\t\tnavigation: {\n\t\t\t\t\t\t\t\t\tmouseScrollNavigation:false,\n\t\t\t\t\t\t\t\t\twheelCallDelay:1000,\n\t\t\t\t\t\t\t\t\tonHoverStop:false,\n\t\t\t\t\t\t\t\t\tarrows: {\n\t\t\t\t\t\t\t\t\t\tenable:true,\n\t\t\t\t\t\t\t\t\t\tstyle:\"custom\",\n\t\t\t\t\t\t\t\t\t\thide_onleave:true,\n\t\t\t\t\t\t\t\t\t\tleft: {\n\t\t\t\t\t\t\t\t\t\t\th_align:\"right\",\n\t\t\t\t\t\t\t\t\t\t\tv_offset:-80\n\t\t\t\t\t\t\t\t\t\t},\n\t\t\t\t\t\t\t\t\t\tright: {\n\t\t\t\t\t\t\t\t\t\t\tv_offset:80\n\t\t\t\t\t\t\t\t\t\t}\n\t\t\t\t\t\t\t\t\t}\n\t\t\t\t\t\t\t\t},\n\t\t\t\t\t\t\t\tfallbacks: {\n\t\t\t\t\t\t\t\t\tallowHTML5AutoPlayOnAndroid:true\n\t\t\t\t\t\t\t\t},\n\t\t\t\t\t\t\t});\n\t\t\t\t\t\t\tjQuery(document).ready(function($) {\n  $('rs-module').append('<div class=\"slides-number d-none d-sm-block\"><span class=\"atual\">1<\/span><span class=\"total\">3<\/span><\/div>');\n  $('rs-module').bind(\"revolution.slide.onchange\",function (e,data) {\n      var atual_slide = $(this).revcurrentslide();\n  \n      $('.slides-number .atual').text( atual_slide );\n  });\n});\n\t\t\t\t\t\t}\n\t\t\t\t\t\t\n\t\t\t\t\t});\n\t\t\t\t\t} \/\/ End of RevInitScript\n\t\t\t\tvar once_revslider22 = false;\n\t\t\t\tif (document.readyState === \"loading\") {document.addEventListener('readystatechange',function() { if((document.readyState === \"interactive\" || document.readyState === \"complete\") && !once_revslider22 ) { once_revslider22 = true; revinit_revslider22();}});} else {once_revslider22 = true; revinit_revslider22();}\n\t\t\t\t<\/script>\n\t\t\t\t<script>\n\t\t\t\t\tvar htmlDivCss = unescape(\"rs-module%20.slides-number%20%7B%20position%3A%20absolute%3B%20top%3A%2050%25%3B%20left%3A%2096.8%25%3B%20transform%3A%20translate3d%28-50%25%2C%20-50%25%2C%200%29%3B%20z-index%3A%2021%3B%20width%3A%205%25%3B%20font-size%3A%202.6em%3B%20%7D%0Ars-module%20.slides-number%3Abefore%20%7B%20content%3A%20%27%27%3B%20display%3A%20block%3B%20position%3A%20absolute%3B%20top%3A%2058%25%3B%20left%3A%2050%25%3B%20width%3A%20120%25%3B%20border-bottom%3A%201px%20solid%20%23FFF%3B%20-webkit-transform%3A%20translate3d%28-50%25%2C%20-50%25%2C%200%29%20rotate%28-45deg%29%3B%20-moz-transform%3A%20translate3d%28-50%25%2C%20-50%25%2C%200%29%20rotate%28-45deg%29%3B%20-ms-transform%3A%20translate3d%28-50%25%2C%20-50%25%2C%200%29%20rotate%28-45deg%29%3B%20transform%3A%20translate3d%28-50%25%2C%20-50%25%2C%200%29%20rotate%28-45deg%29%3B%20%7D%0Ars-module%20.slides-number%20span.atual%20%7B%20position%3A%20absolute%3B%20top%3A%20-40px%3B%20width%3A%20100%25%3B%20%7D%0Ars-module%20.slides-number%20span.total%20%7B%20position%3A%20absolute%3B%20bottom%3A%20-30px%3B%20width%3A%20100%25%3B%20%7D%0Ars-module%20.slides-number%20span%20%7B%20display%3A%20block%3B%20color%3A%20%23FFF%3B%20text-align%3A%20center%3B%20font-family%3A%20Georgia%2Cserif%3B%20line-height%3A%2022px%3B%20%7D%0A%0Ars-module%20.tparrows%2C%20rs-module%20.tparrows%3Ahover%20%7B%20background%3A%20none%20%21important%3B%20%7D%0Ars-module%20.tparrows%3Abefore%20%7B%0A%20%20color%3A%20%23fff%3B%0A%20%20%20%20content%3A%20%27%5Cf0d8%27%20%21important%3B%0A%20%20%20%20font-family%3A%20%27Font%20Awesome%205%20Free%27%20%21important%3B%0A%20%20%20%20font-weight%3A%20900%3B%0A%20%20%20%20position%3A%20absolute%3B%0A%20%20%20%20top%3A%200%3B%0A%20%20%20%20left%3A%2050%25%3B%0A%20%20%20%20line-height%3A%200%20%21important%3B%0A%20%20%20%20transform%3A%20translateX%28-50%25%29%3B%0A%7D%0A%0Ars-module%20.tparrows%3Aafter%20%7B%0A%20%20%20%20content%3A%20%27%27%3B%0A%20%20%20%20display%3A%20block%3B%0A%20%20%20%20position%3A%20absolute%3B%0A%20%20%20%20top%3A%200%3B%0A%20%20%20%20left%3A%2050%25%3B%0A%20%20%20%20height%3A%2025px%3B%0A%20%20%20%20border-left%3A%201px%20solid%20%23FFF%3B%0A%20%20%20%20transform%3A%20translateX%28-50%25%29%3B%0A%7D%0Ars-module%20.tparrows.tp-rightarrow%3Abefore%20%7B%0A%20%20%20%20content%3A%20%27%5Cf0d7%27%20%21important%3B%0A%20%20%20%20font-family%3A%20%27Font%20Awesome%205%20Free%27%3B%0A%20%20%20%20font-weight%3A%20900%3B%0A%20%20%20%20bottom%3A%200%3B%0A%20%20%20%20top%3A%20auto%3B%0A%7D%0Ars-module%20.tparrows.tp-rightarrow%3Aafter%20%7B%0A%20%20%20%20bottom%3A%200%3B%0A%20%20%20%20top%3A%20auto%3B%0A%20%20%20%20transform%3A%20translateX%28-50%25%29%3B%0A%7D\");\n\t\t\t\t\tvar htmlDiv = document.getElementById('rs-plugin-settings-inline-css');\n\t\t\t\t\tif(htmlDiv) {\n\t\t\t\t\t\thtmlDiv.innerHTML = htmlDiv.innerHTML + htmlDivCss;\n\t\t\t\t\t}else{\n\t\t\t\t\t\tvar htmlDiv = document.createElement('div');\n\t\t\t\t\t\thtmlDiv.innerHTML = '<style>' + htmlDivCss + '<\/style>';\n\t\t\t\t\t\tdocument.getElementsByTagName('head')[0].appendChild(htmlDiv.childNodes[0]);\n\t\t\t\t\t}\n\t\t\t\t<\/script>\n\t\t\t\t<script>\n\t\t\t\t\tvar htmlDivCss = unescape(\"%23rev_slider_2_2_wrapper%20.custom.tparrows%20%7B%0A%09cursor%3Apointer%3B%0A%09background%3A%23000%3B%0A%09background%3Argba%280%2C0%2C0%2C0.5%29%3B%0A%09width%3A40px%3B%0A%09height%3A40px%3B%0A%09position%3Aabsolute%3B%0A%09display%3Ablock%3B%0A%09z-index%3A1000%3B%0A%7D%0A%23rev_slider_2_2_wrapper%20.custom.tparrows%3Ahover%20%7B%0A%09background%3A%23000%3B%0A%7D%0A%23rev_slider_2_2_wrapper%20.custom.tparrows%3Abefore%20%7B%0A%09font-family%3A%20%27revicons%27%3B%0A%09font-size%3A15px%3B%0A%09color%3A%23fff%3B%0A%09display%3Ablock%3B%0A%09line-height%3A%2040px%3B%0A%09text-align%3A%20center%3B%0A%7D%0A%23rev_slider_2_2_wrapper%20.custom.tparrows.tp-leftarrow%3Abefore%20%7B%0A%09content%3A%20%27%5Ce824%27%3B%0A%7D%0A%23rev_slider_2_2_wrapper%20.custom.tparrows.tp-rightarrow%3Abefore%20%7B%0A%09content%3A%20%27%5Ce825%27%3B%0A%7D%0A%0A%0A\");\n\t\t\t\t\tvar htmlDiv = document.getElementById('rs-plugin-settings-inline-css');\n\t\t\t\t\tif(htmlDiv) {\n\t\t\t\t\t\thtmlDiv.innerHTML = htmlDiv.innerHTML + htmlDivCss;\n\t\t\t\t\t}else{\n\t\t\t\t\t\tvar htmlDiv = document.createElement('div');\n\t\t\t\t\t\thtmlDiv.innerHTML = '<style>' + htmlDivCss + '<\/style>';\n\t\t\t\t\t\tdocument.getElementsByTagName('head')[0].appendChild(htmlDiv.childNodes[0]);\n\t\t\t\t\t}\n\t\t\t\t<\/script>\n\t\t\t\t<script>\n\t\t\t\t\tvar htmlDivCss = unescape(\"%0A%0A\");\n\t\t\t\t\tvar htmlDiv = document.getElementById('rs-plugin-settings-inline-css');\n\t\t\t\t\tif(htmlDiv) {\n\t\t\t\t\t\thtmlDiv.innerHTML = htmlDiv.innerHTML + htmlDivCss;\n\t\t\t\t\t}else{\n\t\t\t\t\t\tvar htmlDiv = document.createElement('div');\n\t\t\t\t\t\thtmlDiv.innerHTML = '<style>' + htmlDivCss + '<\/style>';\n\t\t\t\t\t\tdocument.getElementsByTagName('head')[0].appendChild(htmlDiv.childNodes[0]);\n\t\t\t\t\t}\n\t\t\t\t<\/script>\n\t\t\t<\/rs-module-wrap>\n\t\t\t<!-- END REVOLUTION SLIDER -->\n[\/vc_column][\/vc_row][vc_row css=&#8221;.vc_custom_1620181523988{padding-top: 40px !important;padding-bottom: 100px !important;}&#8221;][vc_column width=&#8221;1\/2&#8243;][vc_custom_heading text=&#8221;Laila Homes&#8221; font_container=&#8221;tag:h2|font_size:50|text_align:left|color:%23176d96&#8243; google_fonts=&#8221;font_family:Montserrat%3Aregular%2C700|font_style:400%20regular%3A400%3Anormal&#8221; letter_spacing=&#8221;4px&#8221;][vc_column_text]In the 2000s, I revolutionized the entertainment industry with my night club Laila, Istanbul.<\/p>\n<p>People who came into contact with me in my personal or social life know how meticulous and innovative I am and how much attention I pay to detail. I also care much about nature and all people.<\/p>\n<p>For a while I have been working on bespoke property projects around Bodrum, along with an amazing team of young professionals.<\/p>\n<p>All rental properties are very unique and special. I personally attend to the renovation and decoration of rental properties.<\/p>\n<p>I urge you to view our website to learn more about our select projects around Bodrum.[\/vc_column_text][vc_separator gap=&#8221;short&#8221;][\/vc_column][vc_column width=&#8221;1\/2&#8243;][vc_empty_space height=&#8221;62px&#8221;][vc_single_image image=&#8221;205&#8243; img_size=&#8221;full&#8221; style=&#8221;vc_box_shadow_3d&#8221;][\/vc_column][\/vc_row][vc_row][vc_column][vc_column_text el_class=&#8221;mb-4&#8243;]<\/p>\n<h2 class=\"font-weight-normal\">Rental<strong class=\"text-color-secondary font-weight-extra-bold\">Property<\/strong><\/h2>\n<p>[\/vc_column_text]<div id=\"porto-portfolio-5131\" class=\"porto-portfolios porto-portfoliosb5168835eafb5dea404decfd0807a9a4 wpb_content_element \">\n\t\n\t<div class=\"page-portfolios portfolios-grid clearfix \">\n\n\t\n\t\n\t\t\t<div class=\"portfolio-row portfolio-row-3 classic\">\n\n\t\n\t\t<article class=\"portfolio portfolio-grid portfolio-col-3 post-57 type-portfolio status-publish has-post-thumbnail hentry portfolio_skills-kiralik\">\n\t\t<span class=\"entry-title\" style=\"display: none;\">\u00c7aml\u0131k Villa<\/span><span class=\"vcard\" style=\"display: none;\"><span class=\"fn\"><a href=\"https:\/\/lailahomesbodrum.com\/en\/author\/admin\/\" title=\"Posts by admin\" rel=\"author\">admin<\/a><\/span><\/span><span class=\"updated\" style=\"display:none\">2021-06-02T08:30:45+00:00<\/span>\t\t<div class=\"portfolio-item outimage\">\n\t\t\t\n\t\t\t<a class=\"text-decoration-none portfolio-link\" href=\"https:\/\/lailahomesbodrum.com\/en\/portfoyumuz\/camlik\/\">\n\t\t\t\t<span class=\"thumb-info thumb-info-lighten\">\n\t\t\t\t\t<span class=\"thumb-info-wrapper\">\n\t\t\t\t\t\t\t\t\t\t\t\t\t\t\t<img loading=\"lazy\" decoding=\"async\" class=\"img-responsive\" src=\"https:\/\/lailahomesbodrum.com\/wp-content\/uploads\/2018\/03\/DJI_0086-367x367.jpg\" alt=\"\" width=\"367\" height=\"367\" \/>\n\t\t\t\t\t\t\t\t\t\n\t\t\t\t\t\t\n\t\t\t\t\t\t\t\t\t\t\t\t\t\t\t\t\t\t\t<span class=\"thumb-info-action\">\n\t\t\t\t\t\t\t\t\t\t\t\t\t\t\t\t\t<span class=\"thumb-info-action-icon thumb-info-action-icon-dark opacity-8\"><i class=\"fa fa-link\"><\/i><\/span>\n\t\t\t\t\t\t\t\t\t\t\t\t\t\t\t\t\t\t\t\t\t\t\t<\/span>\n\t\t\t\t\t\t\t\t\t\t\t\t\t\t\t\t\t<\/span>\n\t\t\t\t<\/span>\n\t\t\t<\/a>\n\t\t\t\t\t\t\t\t\t\t\t\t<h4 class=\"m-t-md m-b-none portfolio-title\">\u00c7aml\u0131k Villa<\/h4>\n\t\t\t\t\n\t\t\t\t\n\t\t\t\t\t\t\t\t\t<div class=\"portfolio-brief-content m-t p-l-lg p-r-lg\">\n\t\t\t\t\t<div class=\"thumb-info-price\">2000 &#8378; \/ Day<i class=\"fa fa-caret-right text-color-secondary float-right\"><\/i><\/div>\n<ul class=\"accommodations\">\n<li><span class=\"accomodation-title\">Number of Rooms:<\/span><span class=\"accomodation-value custom-color-1\">4 + 1<\/span><\/li>\n<\/ul>\n\t\t\t\t\t<\/div>\n\t\t\t\t\n\t\t\t\t\n\t\t\t\t\t\t\t\t<\/div>\n\t<\/article>\n\t\t<article class=\"portfolio portfolio-grid portfolio-col-3 post-247 type-portfolio status-publish has-post-thumbnail hentry portfolio_skills-kiralik\">\n\t\t<span class=\"entry-title\" style=\"display: none;\">Torba Villa<\/span><span class=\"vcard\" style=\"display: none;\"><span class=\"fn\"><a href=\"https:\/\/lailahomesbodrum.com\/en\/author\/admin\/\" title=\"Posts by admin\" rel=\"author\">admin<\/a><\/span><\/span><span class=\"updated\" style=\"display:none\">2021-06-02T08:31:31+00:00<\/span>\t\t<div class=\"portfolio-item outimage\">\n\t\t\t\n\t\t\t<a class=\"text-decoration-none portfolio-link\" href=\"https:\/\/lailahomesbodrum.com\/en\/portfoyumuz\/torba-villa\/\">\n\t\t\t\t<span class=\"thumb-info thumb-info-lighten\">\n\t\t\t\t\t<span class=\"thumb-info-wrapper\">\n\t\t\t\t\t\t\t\t\t\t\t\t\t\t\t<img loading=\"lazy\" decoding=\"async\" class=\"img-responsive\" src=\"https:\/\/lailahomesbodrum.com\/wp-content\/uploads\/2021\/05\/DSCF9529-367x367.jpg\" alt=\"\" width=\"367\" height=\"367\" \/>\n\t\t\t\t\t\t\t\t\t\n\t\t\t\t\t\t\n\t\t\t\t\t\t\t\t\t\t\t\t\t\t\t\t\t\t\t<span class=\"thumb-info-action\">\n\t\t\t\t\t\t\t\t\t\t\t\t\t\t\t\t\t<span class=\"thumb-info-action-icon thumb-info-action-icon-dark opacity-8\"><i class=\"fa fa-link\"><\/i><\/span>\n\t\t\t\t\t\t\t\t\t\t\t\t\t\t\t\t\t\t\t\t\t\t\t<\/span>\n\t\t\t\t\t\t\t\t\t\t\t\t\t\t\t\t\t<\/span>\n\t\t\t\t<\/span>\n\t\t\t<\/a>\n\t\t\t\t\t\t\t\t\t\t\t\t<h4 class=\"m-t-md m-b-none portfolio-title\">Torba Villa<\/h4>\n\t\t\t\t\n\t\t\t\t\n\t\t\t\t\t\t\t\t\t<div class=\"portfolio-brief-content m-t p-l-lg p-r-lg\">\n\t\t\t\t\t<div class=\"thumb-info-price\">1250 &#8378; \/ Day<i class=\"fa fa-caret-right text-color-secondary float-right\"><\/i><\/div>\n<ul class=\"accommodations\">\n<li><span class=\"accomodation-title\">Number of Rooms:<\/span><span class=\"accomodation-value custom-color-1\">2 + 1<\/span><\/li>\n<\/ul>\n\t\t\t\t\t<\/div>\n\t\t\t\t\n\t\t\t\t\n\t\t\t\t\t\t\t\t<\/div>\n\t<\/article>\n\t\n\t\n\t\n\t\t<\/div>\n\n\t\n\t\t\t<input type=\"hidden\" class=\"shortcode-id\" value=\"b5168835eafb5dea404decfd0807a9a4\"\/>\n\t\t\t\n\t<\/div>\n\n\t\n\t\n\t<\/div>[\/vc_column][vc_column width=&#8221;1\/3&#8243;][\/vc_column][\/vc_row]<\/p>\n<p><\/p>","protected":false},"excerpt":{"rendered":"<p>[vc_row][vc_column][\/vc_column][\/vc_row][vc_row css=&#8221;.vc_custom_1620181523988{padding-top: 40px !important;padding-bottom: 100px !important;}&#8221;][vc_column width=&#8221;1\/2&#8243;][vc_custom_heading text=&#8221;Laila Homes&#8221; font_container=&#8221;tag:h2|font_size:50|text_align:left|color:%23176d96&#8243; google_fonts=&#8221;font_family:Montserrat%3Aregular%2C700|font_style:400%20regular%3A400%3Anormal&#8221; letter_spacing=&#8221;4px&#8221;][vc_column_text]In the 2000s, I revolutionized the entertainment industry with my night club Laila, Istanbul. People who came into contact with me in my personal or social life know how meticulous and innovative I am and how much attention I pay to detail. I also [&hellip;]<\/p>\n","protected":false},"author":1,"featured_media":0,"parent":0,"menu_order":0,"comment_status":"closed","ping_status":"closed","template":"","meta":{"footnotes":""},"class_list":["post-6","page","type-page","status-publish","hentry"],"yoast_head":"<!-- This site is optimized with the Yoast SEO plugin v16.4 - https:\/\/yoast.com\/wordpress\/plugins\/seo\/ -->\n<title>Anasayfa | Laila Homes Bodrum | 0532 233 04 43<\/title>\n<meta name=\"description\" content=\"\u00c7al\u0131\u015fma hayat\u0131mdan da \u00f6zel hayat\u0131mdan da tan\u0131yanlar titizli\u011fimi, ayr\u0131nt\u0131ya verdi\u011fim \u00f6nemi, yenilik\u00e7i yap\u0131m\u0131, insan ve do\u011fa sevgimi bilirler.\" \/>\n<meta name=\"robots\" content=\"index, follow, max-snippet:-1, max-image-preview:large, max-video-preview:-1\" \/>\n<link rel=\"canonical\" href=\"https:\/\/lailahomesbodrum.com\/\" \/>\n<meta property=\"og:locale\" content=\"en_US\" \/>\n<meta property=\"og:type\" content=\"article\" \/>\n<meta property=\"og:title\" content=\"Anasayfa | Laila Homes Bodrum | 0532 233 04 43\" \/>\n<meta property=\"og:description\" content=\"\u00c7al\u0131\u015fma hayat\u0131mdan da \u00f6zel hayat\u0131mdan da tan\u0131yanlar titizli\u011fimi, ayr\u0131nt\u0131ya verdi\u011fim \u00f6nemi, yenilik\u00e7i yap\u0131m\u0131, insan ve do\u011fa sevgimi bilirler.\" \/>\n<meta property=\"og:url\" content=\"https:\/\/lailahomesbodrum.com\/\" \/>\n<meta property=\"og:site_name\" content=\"Laila Homes Bodrum\" \/>\n<meta property=\"article:modified_time\" content=\"2021-06-07T09:47:00+00:00\" \/>\n<meta name=\"twitter:card\" content=\"summary_large_image\" \/>\n<meta name=\"twitter:label1\" content=\"Est. reading time\" \/>\n\t<meta name=\"twitter:data1\" content=\"2 minutes\" \/>\n<script type=\"application\/ld+json\" class=\"yoast-schema-graph\">{\"@context\":\"https:\/\/schema.org\",\"@graph\":[{\"@type\":\"WebSite\",\"@id\":\"https:\/\/lailahomesbodrum.com\/#website\",\"url\":\"https:\/\/lailahomesbodrum.com\/\",\"name\":\"Laila Homes Bodrum\",\"description\":\"\",\"potentialAction\":[{\"@type\":\"SearchAction\",\"target\":\"https:\/\/lailahomesbodrum.com\/?s={search_term_string}\",\"query-input\":\"required name=search_term_string\"}],\"inLanguage\":\"en-US\"},{\"@type\":\"WebPage\",\"@id\":\"https:\/\/lailahomesbodrum.com\/#webpage\",\"url\":\"https:\/\/lailahomesbodrum.com\/\",\"name\":\"Anasayfa | Laila Homes Bodrum | 0532 233 04 43\",\"isPartOf\":{\"@id\":\"https:\/\/lailahomesbodrum.com\/#website\"},\"datePublished\":\"2018-03-07T02:46:04+00:00\",\"dateModified\":\"2021-06-07T09:47:00+00:00\",\"description\":\"\\u00c7al\\u0131\\u015fma hayat\\u0131mdan da \\u00f6zel hayat\\u0131mdan da tan\\u0131yanlar titizli\\u011fimi, ayr\\u0131nt\\u0131ya verdi\\u011fim \\u00f6nemi, yenilik\\u00e7i yap\\u0131m\\u0131, insan ve do\\u011fa sevgimi bilirler.\",\"breadcrumb\":{\"@id\":\"https:\/\/lailahomesbodrum.com\/#breadcrumb\"},\"inLanguage\":\"en-US\",\"potentialAction\":[{\"@type\":\"ReadAction\",\"target\":[\"https:\/\/lailahomesbodrum.com\/\"]}]},{\"@type\":\"BreadcrumbList\",\"@id\":\"https:\/\/lailahomesbodrum.com\/#breadcrumb\",\"itemListElement\":[{\"@type\":\"ListItem\",\"position\":1,\"item\":{\"@type\":\"WebPage\",\"@id\":\"https:\/\/lailahomesbodrum.com\/\",\"url\":\"https:\/\/lailahomesbodrum.com\/\",\"name\":\"Anasayfa\"}},{\"@type\":\"ListItem\",\"position\":2,\"item\":{\"@id\":\"https:\/\/lailahomesbodrum.com\/#webpage\"}}]}]}<\/script>\n<!-- \/ Yoast SEO plugin. -->","_links":{"self":[{"href":"https:\/\/lailahomesbodrum.com\/en\/wp-json\/wp\/v2\/pages\/6","targetHints":{"allow":["GET"]}}],"collection":[{"href":"https:\/\/lailahomesbodrum.com\/en\/wp-json\/wp\/v2\/pages"}],"about":[{"href":"https:\/\/lailahomesbodrum.com\/en\/wp-json\/wp\/v2\/types\/page"}],"author":[{"embeddable":true,"href":"https:\/\/lailahomesbodrum.com\/en\/wp-json\/wp\/v2\/users\/1"}],"replies":[{"embeddable":true,"href":"https:\/\/lailahomesbodrum.com\/en\/wp-json\/wp\/v2\/comments?post=6"}],"version-history":[{"count":25,"href":"https:\/\/lailahomesbodrum.com\/en\/wp-json\/wp\/v2\/pages\/6\/revisions"}],"predecessor-version":[{"id":469,"href":"https:\/\/lailahomesbodrum.com\/en\/wp-json\/wp\/v2\/pages\/6\/revisions\/469"}],"wp:attachment":[{"href":"https:\/\/lailahomesbodrum.com\/en\/wp-json\/wp\/v2\/media?parent=6"}],"curies":[{"name":"wp","href":"https:\/\/api.w.org\/{rel}","templated":true}]}}