{"id":93,"date":"2018-03-12T06:03:49","date_gmt":"2018-03-12T06:03:49","guid":{"rendered":"http:\/\/sw-themes.com\/porto_dummy\/real-estate\/?page_id=93"},"modified":"2021-06-02T08:28:23","modified_gmt":"2021-06-02T05:28:23","slug":"hakkimizda","status":"publish","type":"page","link":"https:\/\/lailahomesbodrum.com\/en\/hakkimizda\/","title":{"rendered":"About Us"},"content":{"rendered":"<p>[vc_row css=&#8221;.vc_custom_1620181523988{padding-top: 40px !important;padding-bottom: 100px !important;}&#8221;][vc_column width=&#8221;1\/2&#8243;][vc_custom_heading text=&#8221;Laila Homes&#8221; font_container=&#8221;tag:h2|font_size:50|text_align:left|color:%23176d96&#8243; google_fonts=&#8221;font_family:Montserrat%3Aregular%2C700|font_style:400%20regular%3A400%3Anormal&#8221; letter_spacing=&#8221;4px&#8221;][vc_column_text]In the 2000s, I revolutionized the entertainment industry with my night club Laila, Istanbul.<\/p>\n<p>People who came into contact with me in my personal or social life know how meticulous and innovative I am and how much attention I pay to detail. I also care much about nature and all people.<\/p>\n<p>For a while I have been working on bespoke property projects around Bodrum, along with an amazing team of young professionals.<\/p>\n<p>All rental properties are very unique and special. I personally attend to the renovation and decoration of rental properties.<\/p>\n<p>I urge you to view our website to learn more about our select projects around Bodrum. [\/vc_column_text][vc_separator gap=&#8221;short&#8221;][\/vc_column][vc_column width=&#8221;1\/2&#8243;][vc_empty_space height=&#8221;62px&#8221;][vc_single_image image=&#8221;205&#8243; img_size=&#8221;full&#8221; style=&#8221;vc_box_shadow_3d&#8221;][\/vc_column][\/vc_row]<\/p>","protected":false},"excerpt":{"rendered":"<p>[vc_row css=&#8221;.vc_custom_1620181523988{padding-top: 40px !important;padding-bottom: 100px !important;}&#8221;][vc_column width=&#8221;1\/2&#8243;][vc_custom_heading text=&#8221;Laila Homes&#8221; font_container=&#8221;tag:h2|font_size:50|text_align:left|color:%23176d96&#8243; google_fonts=&#8221;font_family:Montserrat%3Aregular%2C700|font_style:400%20regular%3A400%3Anormal&#8221; letter_spacing=&#8221;4px&#8221;][vc_column_text]In the 2000s, I revolutionized the entertainment industry with my night club Laila, Istanbul. People who came into contact with me in my personal or social life know how meticulous and innovative I am and how much attention I pay to detail. I also [&hellip;]<\/p>\n","protected":false},"author":1,"featured_media":0,"parent":0,"menu_order":0,"comment_status":"closed","ping_status":"closed","template":"","meta":{"footnotes":""},"class_list":["post-93","page","type-page","status-publish","hentry"],"yoast_head":"<!-- This site is optimized with the Yoast SEO plugin v16.4 - https:\/\/yoast.com\/wordpress\/plugins\/seo\/ -->\n<title>Hakk\u0131m\u0131zda | Laila Homes Bodrum | 0532 233 04 43<\/title>\n<meta name=\"description\" content=\"\u00c7al\u0131\u015fma hayat\u0131mdan da \u00f6zel hayat\u0131mdan da tan\u0131yanlar titizli\u011fimi, ayr\u0131nt\u0131ya verdi\u011fim \u00f6nemi, yenilik\u00e7i yap\u0131m\u0131, insan ve do\u011fa sevgimi bilirler.\" \/>\n<meta name=\"robots\" content=\"index, follow, max-snippet:-1, max-image-preview:large, max-video-preview:-1\" \/>\n<link rel=\"canonical\" href=\"https:\/\/lailahomesbodrum.com\/hakkimizda\/\" \/>\n<meta property=\"og:locale\" content=\"en_US\" \/>\n<meta property=\"og:type\" content=\"article\" \/>\n<meta property=\"og:title\" content=\"Hakk\u0131m\u0131zda | Laila Homes Bodrum | 0532 233 04 43\" \/>\n<meta property=\"og:description\" content=\"\u00c7al\u0131\u015fma hayat\u0131mdan da \u00f6zel hayat\u0131mdan da tan\u0131yanlar titizli\u011fimi, ayr\u0131nt\u0131ya verdi\u011fim \u00f6nemi, yenilik\u00e7i yap\u0131m\u0131, insan ve do\u011fa sevgimi bilirler.\" \/>\n<meta property=\"og:url\" content=\"https:\/\/lailahomesbodrum.com\/hakkimizda\/\" \/>\n<meta property=\"og:site_name\" content=\"Laila Homes Bodrum\" \/>\n<meta property=\"article:modified_time\" content=\"2021-06-02T05:28:23+00:00\" \/>\n<meta name=\"twitter:card\" content=\"summary_large_image\" \/>\n<meta name=\"twitter:label1\" content=\"Est. reading time\" \/>\n\t<meta name=\"twitter:data1\" content=\"2 minutes\" \/>\n<script type=\"application\/ld+json\" class=\"yoast-schema-graph\">{\"@context\":\"https:\/\/schema.org\",\"@graph\":[{\"@type\":\"WebSite\",\"@id\":\"https:\/\/lailahomesbodrum.com\/#website\",\"url\":\"https:\/\/lailahomesbodrum.com\/\",\"name\":\"Laila Homes Bodrum\",\"description\":\"\",\"potentialAction\":[{\"@type\":\"SearchAction\",\"target\":\"https:\/\/lailahomesbodrum.com\/?s={search_term_string}\",\"query-input\":\"required name=search_term_string\"}],\"inLanguage\":\"en-US\"},{\"@type\":\"WebPage\",\"@id\":\"https:\/\/lailahomesbodrum.com\/hakkimizda\/#webpage\",\"url\":\"https:\/\/lailahomesbodrum.com\/hakkimizda\/\",\"name\":\"Hakk\\u0131m\\u0131zda | Laila Homes Bodrum | 0532 233 04 43\",\"isPartOf\":{\"@id\":\"https:\/\/lailahomesbodrum.com\/#website\"},\"datePublished\":\"2018-03-12T06:03:49+00:00\",\"dateModified\":\"2021-06-02T05:28:23+00:00\",\"description\":\"\\u00c7al\\u0131\\u015fma hayat\\u0131mdan da \\u00f6zel hayat\\u0131mdan da tan\\u0131yanlar titizli\\u011fimi, ayr\\u0131nt\\u0131ya verdi\\u011fim \\u00f6nemi, yenilik\\u00e7i yap\\u0131m\\u0131, insan ve do\\u011fa sevgimi bilirler.\",\"breadcrumb\":{\"@id\":\"https:\/\/lailahomesbodrum.com\/hakkimizda\/#breadcrumb\"},\"inLanguage\":\"en-US\",\"potentialAction\":[{\"@type\":\"ReadAction\",\"target\":[\"https:\/\/lailahomesbodrum.com\/hakkimizda\/\"]}]},{\"@type\":\"BreadcrumbList\",\"@id\":\"https:\/\/lailahomesbodrum.com\/hakkimizda\/#breadcrumb\",\"itemListElement\":[{\"@type\":\"ListItem\",\"position\":1,\"item\":{\"@type\":\"WebPage\",\"@id\":\"https:\/\/lailahomesbodrum.com\/\",\"url\":\"https:\/\/lailahomesbodrum.com\/\",\"name\":\"Anasayfa\"}},{\"@type\":\"ListItem\",\"position\":2,\"item\":{\"@id\":\"https:\/\/lailahomesbodrum.com\/hakkimizda\/#webpage\"}}]}]}<\/script>\n<!-- \/ Yoast SEO plugin. -->","_links":{"self":[{"href":"https:\/\/lailahomesbodrum.com\/en\/wp-json\/wp\/v2\/pages\/93","targetHints":{"allow":["GET"]}}],"collection":[{"href":"https:\/\/lailahomesbodrum.com\/en\/wp-json\/wp\/v2\/pages"}],"about":[{"href":"https:\/\/lailahomesbodrum.com\/en\/wp-json\/wp\/v2\/types\/page"}],"author":[{"embeddable":true,"href":"https:\/\/lailahomesbodrum.com\/en\/wp-json\/wp\/v2\/users\/1"}],"replies":[{"embeddable":true,"href":"https:\/\/lailahomesbodrum.com\/en\/wp-json\/wp\/v2\/comments?post=93"}],"version-history":[{"count":12,"href":"https:\/\/lailahomesbodrum.com\/en\/wp-json\/wp\/v2\/pages\/93\/revisions"}],"predecessor-version":[{"id":372,"href":"https:\/\/lailahomesbodrum.com\/en\/wp-json\/wp\/v2\/pages\/93\/revisions\/372"}],"wp:attachment":[{"href":"https:\/\/lailahomesbodrum.com\/en\/wp-json\/wp\/v2\/media?parent=93"}],"curies":[{"name":"wp","href":"https:\/\/api.w.org\/{rel}","templated":true}]}}